{"id":375,"date":"2026-04-29T23:11:38","date_gmt":"2026-04-29T23:11:38","guid":{"rendered":"https:\/\/faissole--durand-tom.mmigrenoble-dev.fr\/?page_id=375"},"modified":"2026-04-29T23:19:03","modified_gmt":"2026-04-29T23:19:03","slug":"article-montage-documentaire","status":"publish","type":"page","link":"https:\/\/faissole--durand-tom.mmigrenoble-dev.fr\/?page_id=375","title":{"rendered":"Article montage documentaire"},"content":{"rendered":"\t\t<div data-elementor-type=\"wp-page\" data-elementor-id=\"375\" class=\"elementor elementor-375\">\n\t\t\t\t<div class=\"elementor-element elementor-element-a70789c e-flex e-con-boxed e-con e-parent\" data-id=\"a70789c\" data-element_type=\"container\" data-e-type=\"container\" data-settings=\"{&quot;background_background&quot;:&quot;gradient&quot;}\">\n\t\t\t\t\t<div class=\"e-con-inner\">\n\t\t\t\t<div class=\"elementor-element elementor-element-937680b elementor-widget elementor-widget-heading\" data-id=\"937680b\" data-element_type=\"widget\" data-e-type=\"widget\" data-widget_type=\"heading.default\">\n\t\t\t\t\t<h2 class=\"elementor-heading-title elementor-size-default\">Direction et r\u00e9alisation d'un documentaire<\/h2>\t\t\t\t<\/div>\n\t\t\t\t<div class=\"elementor-element elementor-element-a8023e3 elementor-widget elementor-widget-text-editor\" data-id=\"a8023e3\" data-element_type=\"widget\" data-e-type=\"widget\" data-widget_type=\"text-editor.default\">\n\t\t\t\t\t\t\t\t\t<p>Mon plus gros projet a \u00e9t\u00e9 la direction et r\u00e9alisation d&rsquo;une interview sous la forme d&rsquo;un documentaire d&rsquo;une dur\u00e9e d&rsquo;environ 2 minutes 30. Mon sujet avait \u00e9t\u00e9 choisit pour \u00eatre r\u00e9alis\u00e9 dans le cadre d&rsquo;une Situation d&rsquo;Apprentissage et d&rsquo;Evaluation (SAE). Nous avons donc tout d&rsquo;abord r\u00e9alis\u00e9 un dossier de production qui contenait la trame de notre tournage et expliquait nos choix. Notre mission consistait donc ensuite \u00e0 tourner l&rsquo;interview puis faire un montage individuel pour chaque membre du groupe. Ce projet m&rsquo;a donc appris \u00e0 diriger une \u00e9quipe, plus particuli\u00e8rement pour r\u00e9aliser un tournage, mais aussi \u00e0 ma\u00eetriser le logiciel de montage Adobe Premiere Pro et comment faire un dossier de production et d&rsquo;\u00e9criture pour un film.<\/p>\t\t\t\t\t\t\t\t<\/div>\n\t\t\t\t<div class=\"elementor-element elementor-element-6f5a80a elementor-widget elementor-widget-video\" data-id=\"6f5a80a\" data-element_type=\"widget\" data-e-type=\"widget\" data-settings=\"{&quot;youtube_url&quot;:&quot;https:\\\/\\\/youtu.be\\\/T5OLTmx9lQg&quot;,&quot;video_type&quot;:&quot;youtube&quot;,&quot;controls&quot;:&quot;yes&quot;}\" data-widget_type=\"video.default\">\n\t\t\t\t\t\t\t<div class=\"elementor-wrapper elementor-open-inline\">\n\t\t\t<div class=\"elementor-video\"><\/div>\t\t<\/div>\n\t\t\t\t\t\t<\/div>\n\t\t\t\t\t<\/div>\n\t\t\t\t<\/div>\n\t\t\t\t<\/div>\n\t\t","protected":false},"excerpt":{"rendered":"<p>Direction et r\u00e9alisation d&rsquo;un documentaire Mon plus gros projet a \u00e9t\u00e9 la direction et r\u00e9alisation d&rsquo;une interview sous la forme d&rsquo;un documentaire d&rsquo;une dur\u00e9e d&rsquo;environ 2 minutes 30. Mon sujet avait \u00e9t\u00e9 choisit pour \u00eatre r\u00e9alis\u00e9 dans le cadre d&rsquo;une Situation d&rsquo;Apprentissage et d&rsquo;Evaluation (SAE). Nous avons donc tout d&rsquo;abord r\u00e9alis\u00e9 un dossier de production [&hellip;]<\/p>\n","protected":false},"author":4,"featured_media":0,"parent":0,"menu_order":0,"comment_status":"closed","ping_status":"closed","template":"","meta":{"footnotes":""},"class_list":["post-375","page","type-page","status-publish","hentry"],"_links":{"self":[{"href":"https:\/\/faissole--durand-tom.mmigrenoble-dev.fr\/index.php?rest_route=\/wp\/v2\/pages\/375","targetHints":{"allow":["GET"]}}],"collection":[{"href":"https:\/\/faissole--durand-tom.mmigrenoble-dev.fr\/index.php?rest_route=\/wp\/v2\/pages"}],"about":[{"href":"https:\/\/faissole--durand-tom.mmigrenoble-dev.fr\/index.php?rest_route=\/wp\/v2\/types\/page"}],"author":[{"embeddable":true,"href":"https:\/\/faissole--durand-tom.mmigrenoble-dev.fr\/index.php?rest_route=\/wp\/v2\/users\/4"}],"replies":[{"embeddable":true,"href":"https:\/\/faissole--durand-tom.mmigrenoble-dev.fr\/index.php?rest_route=%2Fwp%2Fv2%2Fcomments&post=375"}],"version-history":[{"count":4,"href":"https:\/\/faissole--durand-tom.mmigrenoble-dev.fr\/index.php?rest_route=\/wp\/v2\/pages\/375\/revisions"}],"predecessor-version":[{"id":379,"href":"https:\/\/faissole--durand-tom.mmigrenoble-dev.fr\/index.php?rest_route=\/wp\/v2\/pages\/375\/revisions\/379"}],"wp:attachment":[{"href":"https:\/\/faissole--durand-tom.mmigrenoble-dev.fr\/index.php?rest_route=%2Fwp%2Fv2%2Fmedia&parent=375"}],"curies":[{"name":"wp","href":"https:\/\/api.w.org\/{rel}","templated":true}]}}