{"id":24,"date":"2026-04-29T17:44:34","date_gmt":"2026-04-29T17:44:34","guid":{"rendered":"https:\/\/faissole--durand-tom.mmigrenoble-dev.fr\/?page_id=24"},"modified":"2026-04-30T00:14:13","modified_gmt":"2026-04-30T00:14:13","slug":"elementor-24","status":"publish","type":"page","link":"https:\/\/faissole--durand-tom.mmigrenoble-dev.fr\/?page_id=24","title":{"rendered":"Article site web"},"content":{"rendered":"\t\t<div data-elementor-type=\"wp-post\" data-elementor-id=\"24\" class=\"elementor elementor-24\">\n\t\t\t\t<div class=\"elementor-element elementor-element-d3a4c5f e-flex e-con-boxed e-con e-parent\" data-id=\"d3a4c5f\" data-element_type=\"container\" data-e-type=\"container\" data-settings=\"{&quot;background_background&quot;:&quot;gradient&quot;}\">\n\t\t\t\t\t<div class=\"e-con-inner\">\n\t\t\t\t<div class=\"elementor-element elementor-element-3df20bf elementor-widget elementor-widget-heading\" data-id=\"3df20bf\" data-element_type=\"widget\" data-e-type=\"widget\" data-widget_type=\"heading.default\">\n\t\t\t\t\t<h2 class=\"elementor-heading-title elementor-size-default\">Cr\u00e9ation d'un site web d'e-commerce<\/h2>\t\t\t\t<\/div>\n\t\t\t\t<div class=\"elementor-element elementor-element-88c54ca elementor-widget elementor-widget-text-editor\" data-id=\"88c54ca\" data-element_type=\"widget\" data-e-type=\"widget\" data-widget_type=\"text-editor.default\">\n\t\t\t\t\t\t\t\t\t<p>Dans le cadre de ma formation au BUT MMI, j&rsquo;ai d\u00fb r\u00e9aliser un site web d&rsquo;un service e-commerce. Cet exercice \u00e9tait un premier test pour tester nos connaissances en d\u00e9veloppement web apr\u00e8s un premier semestre d&rsquo;apprentissage. Les langages utilis\u00e9s sont HTML et CSS pour du front-end, et PHP pour le back-end. Cet exercice m&rsquo;a permit de vraiment d\u00e9couvrir les difficult\u00e9s lors de la r\u00e9alisation d&rsquo;un projet de ce type. A noter que l&rsquo;utilisation des grids et flexbox CSS n&rsquo;\u00e9tait pas autoris\u00e9 pour ce site. Aucun code JavaScript n&rsquo;a \u00e9t\u00e9 utilis\u00e9 non plus, ne l&rsquo;ayant pas encore appris. Par cons\u00e9quent, le site produit est un site web d&rsquo;e-commerce dynamis\u00e9 gr\u00e2ce \u00e0 PHP, mis en forme avec HTML et CSS, mais n&rsquo;est pas rendu interactif avec JS.<\/p><p>\u00a0<\/p>\t\t\t\t\t\t\t\t<\/div>\n\t\t\t\t<div class=\"elementor-element elementor-element-ffb4805 elementor-arrows-position-inside elementor-widget elementor-widget-image-carousel\" data-id=\"ffb4805\" data-element_type=\"widget\" data-e-type=\"widget\" data-settings=\"{&quot;slides_to_show&quot;:&quot;1&quot;,&quot;navigation&quot;:&quot;arrows&quot;,&quot;autoplay&quot;:&quot;yes&quot;,&quot;pause_on_hover&quot;:&quot;yes&quot;,&quot;pause_on_interaction&quot;:&quot;yes&quot;,&quot;autoplay_speed&quot;:5000,&quot;infinite&quot;:&quot;yes&quot;,&quot;effect&quot;:&quot;slide&quot;,&quot;speed&quot;:500}\" data-widget_type=\"image-carousel.default\">\n\t\t\t\t\t\t\t<div class=\"elementor-image-carousel-wrapper swiper\" role=\"region\" aria-roledescription=\"carousel\" aria-label=\"Carrousel d\u2019images\" dir=\"ltr\">\n\t\t\t<div class=\"elementor-image-carousel swiper-wrapper\" aria-live=\"off\">\n\t\t\t\t\t\t\t\t<div class=\"swiper-slide\" role=\"group\" aria-roledescription=\"slide\" aria-label=\"1 sur 4\"><a data-elementor-open-lightbox=\"yes\" data-elementor-lightbox-slideshow=\"ffb4805\" data-elementor-lightbox-title=\"Capture d\u2019\u00e9cran (7422)\" data-e-action-hash=\"#elementor-action%3Aaction%3Dlightbox%26settings%3DeyJpZCI6MTU4LCJ1cmwiOiJodHRwczpcL1wvZmFpc3NvbGUtLWR1cmFuZC10b20ubW1pZ3Jlbm9ibGUtZGV2LmZyXC93cC1jb250ZW50XC91cGxvYWRzXC8yMDI2XC8wNFwvQ2FwdHVyZS1kZWNyYW4tNzQyMi5wbmciLCJzbGlkZXNob3ciOiJmZmI0ODA1In0%3D\" href=\"https:\/\/faissolt.25.gremmi.fr\/sae105\/index.php\"><figure class=\"swiper-slide-inner\"><img decoding=\"async\" class=\"swiper-slide-image\" src=\"https:\/\/faissole--durand-tom.mmigrenoble-dev.fr\/wp-content\/uploads\/2026\/04\/Capture-decran-7422-1024x576.png\" alt=\"Capture d\u2019\u00e9cran (7422)\" \/><\/figure><\/a><\/div><div class=\"swiper-slide\" role=\"group\" aria-roledescription=\"slide\" aria-label=\"2 sur 4\"><a data-elementor-open-lightbox=\"yes\" data-elementor-lightbox-slideshow=\"ffb4805\" data-elementor-lightbox-title=\"Capture d\u2019\u00e9cran (7420)\" data-e-action-hash=\"#elementor-action%3Aaction%3Dlightbox%26settings%3DeyJpZCI6MTU5LCJ1cmwiOiJodHRwczpcL1wvZmFpc3NvbGUtLWR1cmFuZC10b20ubW1pZ3Jlbm9ibGUtZGV2LmZyXC93cC1jb250ZW50XC91cGxvYWRzXC8yMDI2XC8wNFwvQ2FwdHVyZS1kZWNyYW4tNzQyMC5wbmciLCJzbGlkZXNob3ciOiJmZmI0ODA1In0%3D\" href=\"https:\/\/faissolt.25.gremmi.fr\/sae105\/index.php\"><figure class=\"swiper-slide-inner\"><img decoding=\"async\" class=\"swiper-slide-image\" src=\"https:\/\/faissole--durand-tom.mmigrenoble-dev.fr\/wp-content\/uploads\/2026\/04\/Capture-decran-7420-1024x576.png\" alt=\"Capture d\u2019\u00e9cran (7420)\" \/><\/figure><\/a><\/div><div class=\"swiper-slide\" role=\"group\" aria-roledescription=\"slide\" aria-label=\"3 sur 4\"><a data-elementor-open-lightbox=\"yes\" data-elementor-lightbox-slideshow=\"ffb4805\" data-elementor-lightbox-title=\"Capture d\u2019\u00e9cran (7418)\" data-e-action-hash=\"#elementor-action%3Aaction%3Dlightbox%26settings%3DeyJpZCI6MTQ4LCJ1cmwiOiJodHRwczpcL1wvZmFpc3NvbGUtLWR1cmFuZC10b20ubW1pZ3Jlbm9ibGUtZGV2LmZyXC93cC1jb250ZW50XC91cGxvYWRzXC8yMDI2XC8wNFwvQ2FwdHVyZS1kZWNyYW4tNzQxOC5wbmciLCJzbGlkZXNob3ciOiJmZmI0ODA1In0%3D\" href=\"https:\/\/faissolt.25.gremmi.fr\/sae105\/index.php\"><figure class=\"swiper-slide-inner\"><img decoding=\"async\" class=\"swiper-slide-image\" src=\"https:\/\/faissole--durand-tom.mmigrenoble-dev.fr\/wp-content\/uploads\/2026\/04\/Capture-decran-7418-1024x576.png\" alt=\"Capture d\u2019\u00e9cran (7418)\" \/><\/figure><\/a><\/div><div class=\"swiper-slide\" role=\"group\" aria-roledescription=\"slide\" aria-label=\"4 sur 4\"><a data-elementor-open-lightbox=\"yes\" data-elementor-lightbox-slideshow=\"ffb4805\" data-elementor-lightbox-title=\"Capture d\u2019\u00e9cran (7421)\" data-e-action-hash=\"#elementor-action%3Aaction%3Dlightbox%26settings%3DeyJpZCI6MTYwLCJ1cmwiOiJodHRwczpcL1wvZmFpc3NvbGUtLWR1cmFuZC10b20ubW1pZ3Jlbm9ibGUtZGV2LmZyXC93cC1jb250ZW50XC91cGxvYWRzXC8yMDI2XC8wNFwvQ2FwdHVyZS1kZWNyYW4tNzQyMS5wbmciLCJzbGlkZXNob3ciOiJmZmI0ODA1In0%3D\" href=\"https:\/\/faissolt.25.gremmi.fr\/sae105\/index.php\"><figure class=\"swiper-slide-inner\"><img decoding=\"async\" class=\"swiper-slide-image\" src=\"https:\/\/faissole--durand-tom.mmigrenoble-dev.fr\/wp-content\/uploads\/2026\/04\/Capture-decran-7421-1024x576.png\" alt=\"Capture d\u2019\u00e9cran (7421)\" \/><\/figure><\/a><\/div>\t\t\t<\/div>\n\t\t\t\t\t\t\t\t\t\t\t\t<div class=\"elementor-swiper-button elementor-swiper-button-prev\" role=\"button\" tabindex=\"0\">\n\t\t\t\t\t\t<svg aria-hidden=\"true\" class=\"e-font-icon-svg e-eicon-chevron-left\" viewBox=\"0 0 1000 1000\" xmlns=\"http:\/\/www.w3.org\/2000\/svg\"><path d=\"M646 125C629 125 613 133 604 142L308 442C296 454 292 471 292 487 292 504 296 521 308 533L604 854C617 867 629 875 646 875 663 875 679 871 692 858 704 846 713 829 713 812 713 796 708 779 692 767L438 487 692 225C700 217 708 204 708 187 708 171 704 154 692 142 675 129 663 125 646 125Z\"><\/path><\/svg>\t\t\t\t\t<\/div>\n\t\t\t\t\t<div class=\"elementor-swiper-button elementor-swiper-button-next\" role=\"button\" tabindex=\"0\">\n\t\t\t\t\t\t<svg aria-hidden=\"true\" class=\"e-font-icon-svg e-eicon-chevron-right\" viewBox=\"0 0 1000 1000\" xmlns=\"http:\/\/www.w3.org\/2000\/svg\"><path d=\"M696 533C708 521 713 504 713 487 713 471 708 454 696 446L400 146C388 133 375 125 354 125 338 125 325 129 313 142 300 154 292 171 292 187 292 204 296 221 308 233L563 492 304 771C292 783 288 800 288 817 288 833 296 850 308 863 321 871 338 875 354 875 371 875 388 867 400 854L696 533Z\"><\/path><\/svg>\t\t\t\t\t<\/div>\n\t\t\t\t\n\t\t\t\t\t\t\t\t\t<\/div>\n\t\t\t\t\t\t<\/div>\n\t\t\t\t\t<\/div>\n\t\t\t\t<\/div>\n\t\t\t\t<\/div>\n\t\t","protected":false},"excerpt":{"rendered":"<p>Cr\u00e9ation d&rsquo;un site web d&rsquo;e-commerce Dans le cadre de ma formation au BUT MMI, j&rsquo;ai d\u00fb r\u00e9aliser un site web d&rsquo;un service e-commerce. Cet exercice \u00e9tait un premier test pour tester nos connaissances en d\u00e9veloppement web apr\u00e8s un premier semestre d&rsquo;apprentissage. Les langages utilis\u00e9s sont HTML et CSS pour du front-end, et PHP pour le [&hellip;]<\/p>\n","protected":false},"author":4,"featured_media":0,"parent":0,"menu_order":0,"comment_status":"closed","ping_status":"closed","template":"","meta":{"footnotes":""},"class_list":["post-24","page","type-page","status-publish","hentry"],"_links":{"self":[{"href":"https:\/\/faissole--durand-tom.mmigrenoble-dev.fr\/index.php?rest_route=\/wp\/v2\/pages\/24","targetHints":{"allow":["GET"]}}],"collection":[{"href":"https:\/\/faissole--durand-tom.mmigrenoble-dev.fr\/index.php?rest_route=\/wp\/v2\/pages"}],"about":[{"href":"https:\/\/faissole--durand-tom.mmigrenoble-dev.fr\/index.php?rest_route=\/wp\/v2\/types\/page"}],"author":[{"embeddable":true,"href":"https:\/\/faissole--durand-tom.mmigrenoble-dev.fr\/index.php?rest_route=\/wp\/v2\/users\/4"}],"replies":[{"embeddable":true,"href":"https:\/\/faissole--durand-tom.mmigrenoble-dev.fr\/index.php?rest_route=%2Fwp%2Fv2%2Fcomments&post=24"}],"version-history":[{"count":23,"href":"https:\/\/faissole--durand-tom.mmigrenoble-dev.fr\/index.php?rest_route=\/wp\/v2\/pages\/24\/revisions"}],"predecessor-version":[{"id":437,"href":"https:\/\/faissole--durand-tom.mmigrenoble-dev.fr\/index.php?rest_route=\/wp\/v2\/pages\/24\/revisions\/437"}],"wp:attachment":[{"href":"https:\/\/faissole--durand-tom.mmigrenoble-dev.fr\/index.php?rest_route=%2Fwp%2Fv2%2Fmedia&parent=24"}],"curies":[{"name":"wp","href":"https:\/\/api.w.org\/{rel}","templated":true}]}}