{"id":16,"date":"2026-04-29T21:06:26","date_gmt":"2026-04-29T21:06:26","guid":{"rendered":"https:\/\/faissole--durand-tom.mmigrenoble-dev.fr\/?page_id=16"},"modified":"2026-04-30T00:00:47","modified_gmt":"2026-04-30T00:00:47","slug":"a-propos","status":"publish","type":"page","link":"https:\/\/faissole--durand-tom.mmigrenoble-dev.fr\/?page_id=16","title":{"rendered":"A propos"},"content":{"rendered":"\t\t<div data-elementor-type=\"wp-page\" data-elementor-id=\"16\" class=\"elementor elementor-16\">\n\t\t\t\t<div class=\"elementor-element elementor-element-508a853 e-flex e-con-boxed e-con e-parent\" data-id=\"508a853\" data-element_type=\"container\" data-e-type=\"container\" data-settings=\"{&quot;background_background&quot;:&quot;gradient&quot;}\">\n\t\t\t\t\t<div class=\"e-con-inner\">\n\t\t\t\t<div class=\"elementor-element elementor-element-6ca3896 elementor-widget elementor-widget-heading\" data-id=\"6ca3896\" data-element_type=\"widget\" data-e-type=\"widget\" data-widget_type=\"heading.default\">\n\t\t\t\t\t<h2 class=\"elementor-heading-title elementor-size-default\">A Propos de moi<\/h2>\t\t\t\t<\/div>\n\t\t<div class=\"elementor-element elementor-element-284fa3c e-grid e-con-full e-con e-child\" data-id=\"284fa3c\" data-element_type=\"container\" data-e-type=\"container\">\n\t\t<div class=\"elementor-element elementor-element-f69e39b e-con-full e-flex e-con e-child\" data-id=\"f69e39b\" data-element_type=\"container\" data-e-type=\"container\">\n\t\t\t\t<div class=\"elementor-element elementor-element-5d049bf elementor-widget elementor-widget-heading\" data-id=\"5d049bf\" data-element_type=\"widget\" data-e-type=\"widget\" data-widget_type=\"heading.default\">\n\t\t\t\t\t<h2 class=\"elementor-heading-title elementor-size-default\">Faissole--Durand Tom<\/h2>\t\t\t\t<\/div>\n\t\t\t\t<div class=\"elementor-element elementor-element-8ee476f elementor-widget elementor-widget-text-editor\" data-id=\"8ee476f\" data-element_type=\"widget\" data-e-type=\"widget\" data-widget_type=\"text-editor.default\">\n\t\t\t\t\t\t\t\t\t<p>D\u00e9veloppeur Web et Jeux en devenir, je suis actuellement en BUT des M\u00e9tiers du Multim\u00e9dia et de l&rsquo;Internet. Passionn\u00e9 par l&rsquo;informatique et les jeux, cela m&rsquo;a naturellement men\u00e9 vers ce choix d&rsquo;\u00e9tudes. N\u00e9anmoins, la nature polyvalente du BUT MMI m&rsquo;a beaucoup attir\u00e9 car la possibilit\u00e9 d&rsquo;acqu\u00e9rir des comp\u00e9tences en design, communication et en audiovisuelle \u00e9tait une opportunit\u00e9 int\u00e9ressante pour moi.<\/p>\t\t\t\t\t\t\t\t<\/div>\n\t\t\t\t<div class=\"elementor-element elementor-element-a9265f3 elementor-widget elementor-widget-text-editor\" data-id=\"a9265f3\" data-element_type=\"widget\" data-e-type=\"widget\" data-widget_type=\"text-editor.default\">\n\t\t\t\t\t\t\t\t\t<p>Aujourd&rsquo;hui, je continue d&rsquo;affiner et d&rsquo;apprendre des comp\u00e9tences en d\u00e9veloppement web et d\u00e9veloppement de jeux.\u00a0<\/p>\t\t\t\t\t\t\t\t<\/div>\n\t\t\t\t<\/div>\n\t\t\t\t<div class=\"elementor-element elementor-element-f1808be elementor-widget elementor-widget-image\" data-id=\"f1808be\" data-element_type=\"widget\" data-e-type=\"widget\" data-widget_type=\"image.default\">\n\t\t\t\t\t\t\t\t\t\t\t\t\t\t\t<img fetchpriority=\"high\" decoding=\"async\" width=\"800\" height=\"827\" src=\"https:\/\/faissole--durand-tom.mmigrenoble-dev.fr\/wp-content\/uploads\/2026\/04\/Photo-Tom-990x1024.png\" class=\"attachment-large size-large wp-image-121\" alt=\"\" srcset=\"https:\/\/faissole--durand-tom.mmigrenoble-dev.fr\/wp-content\/uploads\/2026\/04\/Photo-Tom-990x1024.png 990w, https:\/\/faissole--durand-tom.mmigrenoble-dev.fr\/wp-content\/uploads\/2026\/04\/Photo-Tom-290x300.png 290w, https:\/\/faissole--durand-tom.mmigrenoble-dev.fr\/wp-content\/uploads\/2026\/04\/Photo-Tom-768x794.png 768w, https:\/\/faissole--durand-tom.mmigrenoble-dev.fr\/wp-content\/uploads\/2026\/04\/Photo-Tom-1486x1536.png 1486w, https:\/\/faissole--durand-tom.mmigrenoble-dev.fr\/wp-content\/uploads\/2026\/04\/Photo-Tom-1981x2048.png 1981w\" sizes=\"(max-width: 800px) 100vw, 800px\" \/>\t\t\t\t\t\t\t\t\t\t\t\t\t\t\t<\/div>\n\t\t\t\t<\/div>\n\t\t\t\t<div class=\"elementor-element elementor-element-5474dd2 elementor-widget elementor-widget-heading\" data-id=\"5474dd2\" data-element_type=\"widget\" data-e-type=\"widget\" data-widget_type=\"heading.default\">\n\t\t\t\t\t<h2 class=\"elementor-heading-title elementor-size-default\">Mes centres d'int\u00e9r\u00eats<\/h2>\t\t\t\t<\/div>\n\t\t<div class=\"elementor-element elementor-element-45ad76e e-grid e-con-full e-con e-child\" data-id=\"45ad76e\" data-element_type=\"container\" data-e-type=\"container\">\n\t\t<div class=\"elementor-element elementor-element-c96b1bd e-con-full e-flex e-con e-child\" data-id=\"c96b1bd\" data-element_type=\"container\" data-e-type=\"container\">\n\t\t\t\t<div class=\"elementor-element elementor-element-83b7db8 elementor-widget elementor-widget-image\" data-id=\"83b7db8\" data-element_type=\"widget\" data-e-type=\"widget\" data-widget_type=\"image.default\">\n\t\t\t\t\t\t\t\t\t\t\t\t\t\t\t<img decoding=\"async\" width=\"510\" height=\"311\" src=\"https:\/\/faissole--durand-tom.mmigrenoble-dev.fr\/wp-content\/uploads\/2026\/04\/9798cebdf86eecde738df47acfbc0296.png\" class=\"attachment-large size-large wp-image-346\" alt=\"\" srcset=\"https:\/\/faissole--durand-tom.mmigrenoble-dev.fr\/wp-content\/uploads\/2026\/04\/9798cebdf86eecde738df47acfbc0296.png 510w, https:\/\/faissole--durand-tom.mmigrenoble-dev.fr\/wp-content\/uploads\/2026\/04\/9798cebdf86eecde738df47acfbc0296-300x183.png 300w\" sizes=\"(max-width: 510px) 100vw, 510px\" \/>\t\t\t\t\t\t\t\t\t\t\t\t\t\t\t<\/div>\n\t\t\t\t<div class=\"elementor-element elementor-element-5716054 elementor-widget elementor-widget-heading\" data-id=\"5716054\" data-element_type=\"widget\" data-e-type=\"widget\" data-widget_type=\"heading.default\">\n\t\t\t\t\t<h2 class=\"elementor-heading-title elementor-size-default\">Le piano et la musique<\/h2>\t\t\t\t<\/div>\n\t\t\t\t<div class=\"elementor-element elementor-element-35fc868 elementor-widget elementor-widget-text-editor\" data-id=\"35fc868\" data-element_type=\"widget\" data-e-type=\"widget\" data-widget_type=\"text-editor.default\">\n\t\t\t\t\t\t\t\t\t<p>Je joue du piano depuis que j&rsquo;ai 6 ans et demi. Ayant \u00e9tudi\u00e9 13 ans en conservatoire, cette passion m&rsquo;a appris la discipline et comment structurer mon travail personnel. Durant mes ann\u00e9es en conservatoire, j&rsquo;ai pu participer \u00e0 des projets et des concerts en \u00e9quipe. J&rsquo;ai \u00e9galement fait des \u00e9tudes de th\u00e9orie et formation musicale.<\/p>\t\t\t\t\t\t\t\t<\/div>\n\t\t\t\t<\/div>\n\t\t<div class=\"elementor-element elementor-element-a71c0b9 e-con-full e-flex e-con e-child\" data-id=\"a71c0b9\" data-element_type=\"container\" data-e-type=\"container\">\n\t\t\t\t<div class=\"elementor-element elementor-element-d37abea elementor-widget elementor-widget-image\" data-id=\"d37abea\" data-element_type=\"widget\" data-e-type=\"widget\" data-widget_type=\"image.default\">\n\t\t\t\t\t\t\t\t\t\t\t\t\t\t\t<img decoding=\"async\" width=\"271\" height=\"300\" src=\"https:\/\/faissole--durand-tom.mmigrenoble-dev.fr\/wp-content\/uploads\/2026\/04\/DSCN0777-271x300.jpg\" class=\"attachment-medium size-medium wp-image-355\" alt=\"\" srcset=\"https:\/\/faissole--durand-tom.mmigrenoble-dev.fr\/wp-content\/uploads\/2026\/04\/DSCN0777-271x300.jpg 271w, https:\/\/faissole--durand-tom.mmigrenoble-dev.fr\/wp-content\/uploads\/2026\/04\/DSCN0777-925x1024.jpg 925w, https:\/\/faissole--durand-tom.mmigrenoble-dev.fr\/wp-content\/uploads\/2026\/04\/DSCN0777-768x850.jpg 768w, https:\/\/faissole--durand-tom.mmigrenoble-dev.fr\/wp-content\/uploads\/2026\/04\/DSCN0777.jpg 1084w\" sizes=\"(max-width: 271px) 100vw, 271px\" \/>\t\t\t\t\t\t\t\t\t\t\t\t\t\t\t<\/div>\n\t\t\t\t<div class=\"elementor-element elementor-element-cb2cd8e elementor-widget elementor-widget-heading\" data-id=\"cb2cd8e\" data-element_type=\"widget\" data-e-type=\"widget\" data-widget_type=\"heading.default\">\n\t\t\t\t\t<h2 class=\"elementor-heading-title elementor-size-default\">Les \u00e9checs<\/h2>\t\t\t\t<\/div>\n\t\t\t\t<div class=\"elementor-element elementor-element-b929755 elementor-widget elementor-widget-text-editor\" data-id=\"b929755\" data-element_type=\"widget\" data-e-type=\"widget\" data-widget_type=\"text-editor.default\">\n\t\t\t\t\t\t\t\t\t<p>J&rsquo;ai commenc\u00e9 les \u00e9checs \u00e0 l&rsquo;\u00e2ge de 6 ans et fait des comp\u00e9titions pendant 6 ans avant de changer de sport. Ce sport m&rsquo;a permit de pouvoir pr\u00e9voir et calculer des actions \u00e0 l&rsquo;avance. Cela m&rsquo;a permit d&rsquo;am\u00e9liorer ma r\u00e9flexion sur le moment.<\/p>\t\t\t\t\t\t\t\t<\/div>\n\t\t\t\t<\/div>\n\t\t<div class=\"elementor-element elementor-element-9a5748f e-con-full e-flex e-con e-child\" data-id=\"9a5748f\" data-element_type=\"container\" data-e-type=\"container\">\n\t\t\t\t<div class=\"elementor-element elementor-element-e6f450b elementor-widget elementor-widget-image\" data-id=\"e6f450b\" data-element_type=\"widget\" data-e-type=\"widget\" data-widget_type=\"image.default\">\n\t\t\t\t\t\t\t\t\t\t\t\t\t\t\t<img loading=\"lazy\" decoding=\"async\" width=\"567\" height=\"298\" src=\"https:\/\/faissole--durand-tom.mmigrenoble-dev.fr\/wp-content\/uploads\/2026\/04\/Capture.png\" class=\"attachment-large size-large wp-image-363\" alt=\"\" srcset=\"https:\/\/faissole--durand-tom.mmigrenoble-dev.fr\/wp-content\/uploads\/2026\/04\/Capture.png 567w, https:\/\/faissole--durand-tom.mmigrenoble-dev.fr\/wp-content\/uploads\/2026\/04\/Capture-300x158.png 300w\" sizes=\"(max-width: 567px) 100vw, 567px\" \/>\t\t\t\t\t\t\t\t\t\t\t\t\t\t\t<\/div>\n\t\t\t\t<div class=\"elementor-element elementor-element-7c80ab9 elementor-widget elementor-widget-heading\" data-id=\"7c80ab9\" data-element_type=\"widget\" data-e-type=\"widget\" data-widget_type=\"heading.default\">\n\t\t\t\t\t<h2 class=\"elementor-heading-title elementor-size-default\">Les jeux vid\u00e9os<\/h2>\t\t\t\t<\/div>\n\t\t\t\t<div class=\"elementor-element elementor-element-d66f358 elementor-widget elementor-widget-text-editor\" data-id=\"d66f358\" data-element_type=\"widget\" data-e-type=\"widget\" data-widget_type=\"text-editor.default\">\n\t\t\t\t\t\t\t\t\t<p>Je joue aux jeux vid\u00e9os depuis tr\u00e8s longtemps, ayant commenc\u00e9 tr\u00e8s jeune. Ayant test\u00e9 pleins de types de jeux diff\u00e9rents, j&rsquo;ai pu acqu\u00e9rir une culture num\u00e9rique sur les jeux ainsi que sur leur programmation et le game-design. Cela m&rsquo;a permit de comprendre comment un jeu est construit et quelles sont les points importants \u00e0 retenir lors de la cr\u00e9ation d&rsquo;un jeu, notamment en ce qui concerne l&rsquo;exp\u00e9rience du joueur.<\/p>\t\t\t\t\t\t\t\t<\/div>\n\t\t\t\t<\/div>\n\t\t\t\t<\/div>\n\t\t\t\t\t<\/div>\n\t\t\t\t<\/div>\n\t\t\t\t<\/div>\n\t\t","protected":false},"excerpt":{"rendered":"<p>A Propos de moi Faissole&#8211;Durand Tom D\u00e9veloppeur Web et Jeux en devenir, je suis actuellement en BUT des M\u00e9tiers du Multim\u00e9dia et de l&rsquo;Internet. Passionn\u00e9 par l&rsquo;informatique et les jeux, cela m&rsquo;a naturellement men\u00e9 vers ce choix d&rsquo;\u00e9tudes. N\u00e9anmoins, la nature polyvalente du BUT MMI m&rsquo;a beaucoup attir\u00e9 car la possibilit\u00e9 d&rsquo;acqu\u00e9rir des comp\u00e9tences en [&hellip;]<\/p>\n","protected":false},"author":4,"featured_media":0,"parent":0,"menu_order":0,"comment_status":"closed","ping_status":"closed","template":"","meta":{"footnotes":""},"class_list":["post-16","page","type-page","status-publish","hentry"],"_links":{"self":[{"href":"https:\/\/faissole--durand-tom.mmigrenoble-dev.fr\/index.php?rest_route=\/wp\/v2\/pages\/16","targetHints":{"allow":["GET"]}}],"collection":[{"href":"https:\/\/faissole--durand-tom.mmigrenoble-dev.fr\/index.php?rest_route=\/wp\/v2\/pages"}],"about":[{"href":"https:\/\/faissole--durand-tom.mmigrenoble-dev.fr\/index.php?rest_route=\/wp\/v2\/types\/page"}],"author":[{"embeddable":true,"href":"https:\/\/faissole--durand-tom.mmigrenoble-dev.fr\/index.php?rest_route=\/wp\/v2\/users\/4"}],"replies":[{"embeddable":true,"href":"https:\/\/faissole--durand-tom.mmigrenoble-dev.fr\/index.php?rest_route=%2Fwp%2Fv2%2Fcomments&post=16"}],"version-history":[{"count":56,"href":"https:\/\/faissole--durand-tom.mmigrenoble-dev.fr\/index.php?rest_route=\/wp\/v2\/pages\/16\/revisions"}],"predecessor-version":[{"id":422,"href":"https:\/\/faissole--durand-tom.mmigrenoble-dev.fr\/index.php?rest_route=\/wp\/v2\/pages\/16\/revisions\/422"}],"wp:attachment":[{"href":"https:\/\/faissole--durand-tom.mmigrenoble-dev.fr\/index.php?rest_route=%2Fwp%2Fv2%2Fmedia&parent=16"}],"curies":[{"name":"wp","href":"https:\/\/api.w.org\/{rel}","templated":true}]}}